{"id":26,"date":"2019-01-29T11:42:16","date_gmt":"2019-01-29T10:42:16","guid":{"rendered":"http:\/\/www.sozialtreff-erlangen.de\/WP\/?page_id=26"},"modified":"2023-08-29T10:11:42","modified_gmt":"2023-08-29T08:11:42","slug":"spenden","status":"publish","type":"page","link":"https:\/\/www.sozialtreff-erlangen.de\/WP\/spenden\/","title":{"rendered":"Spenden"},"content":{"rendered":"\t\t<div data-elementor-type=\"wp-post\" data-elementor-id=\"26\" class=\"elementor elementor-26\">\n\t\t\t\t\t\t<section class=\"elementor-section elementor-top-section elementor-element elementor-element-58efbd48 elementor-section-boxed elementor-section-height-default elementor-section-height-default\" data-id=\"58efbd48\" data-element_type=\"section\" data-e-type=\"section\">\n\t\t\t\t\t\t<div class=\"elementor-container elementor-column-gap-default\">\n\t\t\t\t\t<div class=\"elementor-column elementor-col-100 elementor-top-column elementor-element elementor-element-1f75b582\" data-id=\"1f75b582\" data-element_type=\"column\" data-e-type=\"column\">\n\t\t\t<div class=\"elementor-widget-wrap elementor-element-populated\">\n\t\t\t\t\t\t<div class=\"elementor-element elementor-element-1b698b42 elementor-widget elementor-widget-heading\" data-id=\"1b698b42\" data-element_type=\"widget\" data-e-type=\"widget\" data-widget_type=\"heading.default\">\n\t\t\t\t<div class=\"elementor-widget-container\">\n\t\t\t\t\t<h2 class=\"elementor-heading-title elementor-size-default\">Helfen sie mit Ihrer Spende!<\/h2>\t\t\t\t<\/div>\n\t\t\t\t<\/div>\n\t\t\t\t<div class=\"elementor-element elementor-element-2251718c elementor-widget elementor-widget-text-editor\" data-id=\"2251718c\" data-element_type=\"widget\" data-e-type=\"widget\" data-widget_type=\"text-editor.default\">\n\t\t\t\t<div class=\"elementor-widget-container\">\n\t\t\t\t\t\t\t\t\t<p style=\"text-align: left;\">Wir freuen uns sehr, dass Sie den Sozialtreff Erlangen e.V. mit Ihrer Spende unterst\u00fctzen m\u00f6chten. Jede Spende \u2013 und sei sie noch so klein \u2013 erm\u00f6glicht es uns, die Angebote des Sozialtreffs weiterzuf\u00fchren und auszubauen.<br>Eine Spende ist selbstverst\u00e4ndlich unabh\u00e4ngig von einer Mitgliedschaft m\u00f6glich.<\/p>\n<p><strong>Spenden per \u00dcberweisung<\/strong><br>\u00dcberweisen Sie Ihre Spende an: Sozialtreff Erlangen e.V.<\/p>\n<p style=\"padding-left: 30px;\"><strong>IBAN DE82 7635 0000 0060 0338 59<\/strong><br><strong>BIC BYLADEM1ERH<\/strong><\/p>\n<p>bei der Stadt- und Kreissparkasse Erlangen<\/p>\n<p>Ihre Spende ist steuerlich absetzbar. Spenden bis 200 Euro erkennt das Finanzamt durch eine Kopie des Kontoauszuges an. Wenn Sie dies w\u00fcnschen, schicken wir Ihnen aber auch gern bei geringeren Betr\u00e4gen Anfang n\u00e4chsten Jahres eine Spendenquittung zu. Bitte vergessen Sie dazu nicht, im Verwendungszweck Ihre Adresse anzugeben.<\/p>\t\t\t\t\t\t\t\t<\/div>\n\t\t\t\t<\/div>\n\t\t\t\t\t<\/div>\n\t\t<\/div>\n\t\t\t\t\t<\/div>\n\t\t<\/section>\n\t\t\t\t<\/div>\n\t\t","protected":false},"excerpt":{"rendered":"<p>Helfen sie mit Ihrer Spende! Wir freuen uns sehr, dass Sie den Sozialtreff Erlangen e.V. mit Ihrer Spende unterst\u00fctzen m\u00f6chten. Jede Spende \u2013 und sei sie noch so klein \u2013 erm\u00f6glicht es uns, die Angebote des Sozialtreffs weiterzuf\u00fchren und auszubauen.Eine Spende ist selbstverst\u00e4ndlich unabh\u00e4ngig von einer Mitgliedschaft m\u00f6glich. Spenden per \u00dcberweisung\u00dcberweisen Sie Ihre Spende an: [&hellip;]<\/p>\n","protected":false},"author":1,"featured_media":0,"parent":0,"menu_order":0,"comment_status":"closed","ping_status":"closed","template":"","meta":{"ocean_post_layout":"","ocean_both_sidebars_style":"","ocean_both_sidebars_content_width":0,"ocean_both_sidebars_sidebars_width":0,"ocean_sidebar":"0","ocean_second_sidebar":"0","ocean_disable_margins":"enable","ocean_add_body_class":"","ocean_shortcode_before_top_bar":"","ocean_shortcode_after_top_bar":"","ocean_shortcode_before_header":"","ocean_shortcode_after_header":"","ocean_has_shortcode":"","ocean_shortcode_after_title":"","ocean_shortcode_before_footer_widgets":"","ocean_shortcode_after_footer_widgets":"","ocean_shortcode_before_footer_bottom":"","ocean_shortcode_after_footer_bottom":"","ocean_display_top_bar":"default","ocean_display_header":"default","ocean_header_style":"","ocean_center_header_left_menu":"0","ocean_custom_header_template":"0","ocean_custom_logo":0,"ocean_custom_retina_logo":0,"ocean_custom_logo_max_width":0,"ocean_custom_logo_tablet_max_width":0,"ocean_custom_logo_mobile_max_width":0,"ocean_custom_logo_max_height":0,"ocean_custom_logo_tablet_max_height":0,"ocean_custom_logo_mobile_max_height":0,"ocean_header_custom_menu":"0","ocean_menu_typo_font_family":"0","ocean_menu_typo_font_subset":"","ocean_menu_typo_font_size":0,"ocean_menu_typo_font_size_tablet":0,"ocean_menu_typo_font_size_mobile":0,"ocean_menu_typo_font_size_unit":"px","ocean_menu_typo_font_weight":"","ocean_menu_typo_font_weight_tablet":"","ocean_menu_typo_font_weight_mobile":"","ocean_menu_typo_transform":"","ocean_menu_typo_transform_tablet":"","ocean_menu_typo_transform_mobile":"","ocean_menu_typo_line_height":0,"ocean_menu_typo_line_height_tablet":0,"ocean_menu_typo_line_height_mobile":0,"ocean_menu_typo_line_height_unit":"","ocean_menu_typo_spacing":0,"ocean_menu_typo_spacing_tablet":0,"ocean_menu_typo_spacing_mobile":0,"ocean_menu_typo_spacing_unit":"","ocean_menu_link_color":"","ocean_menu_link_color_hover":"","ocean_menu_link_color_active":"","ocean_menu_link_background":"","ocean_menu_link_hover_background":"","ocean_menu_link_active_background":"","ocean_menu_social_links_bg":"","ocean_menu_social_hover_links_bg":"","ocean_menu_social_links_color":"","ocean_menu_social_hover_links_color":"","ocean_disable_title":"default","ocean_disable_heading":"default","ocean_post_title":"","ocean_post_subheading":"","ocean_post_title_style":"","ocean_post_title_background_color":"","ocean_post_title_background":0,"ocean_post_title_bg_image_position":"","ocean_post_title_bg_image_attachment":"","ocean_post_title_bg_image_repeat":"","ocean_post_title_bg_image_size":"","ocean_post_title_height":0,"ocean_post_title_bg_overlay":0.5,"ocean_post_title_bg_overlay_color":"","ocean_disable_breadcrumbs":"default","ocean_breadcrumbs_color":"","ocean_breadcrumbs_separator_color":"","ocean_breadcrumbs_links_color":"","ocean_breadcrumbs_links_hover_color":"","ocean_display_footer_widgets":"default","ocean_display_footer_bottom":"default","ocean_custom_footer_template":"0","footnotes":""},"class_list":["post-26","page","type-page","status-publish","hentry","entry"],"_links":{"self":[{"href":"https:\/\/www.sozialtreff-erlangen.de\/WP\/wp-json\/wp\/v2\/pages\/26","targetHints":{"allow":["GET"]}}],"collection":[{"href":"https:\/\/www.sozialtreff-erlangen.de\/WP\/wp-json\/wp\/v2\/pages"}],"about":[{"href":"https:\/\/www.sozialtreff-erlangen.de\/WP\/wp-json\/wp\/v2\/types\/page"}],"author":[{"embeddable":true,"href":"https:\/\/www.sozialtreff-erlangen.de\/WP\/wp-json\/wp\/v2\/users\/1"}],"replies":[{"embeddable":true,"href":"https:\/\/www.sozialtreff-erlangen.de\/WP\/wp-json\/wp\/v2\/comments?post=26"}],"version-history":[{"count":21,"href":"https:\/\/www.sozialtreff-erlangen.de\/WP\/wp-json\/wp\/v2\/pages\/26\/revisions"}],"predecessor-version":[{"id":638,"href":"https:\/\/www.sozialtreff-erlangen.de\/WP\/wp-json\/wp\/v2\/pages\/26\/revisions\/638"}],"wp:attachment":[{"href":"https:\/\/www.sozialtreff-erlangen.de\/WP\/wp-json\/wp\/v2\/media?parent=26"}],"curies":[{"name":"wp","href":"https:\/\/api.w.org\/{rel}","templated":true}]}}